{"id":863,"date":"2024-04-29T05:08:31","date_gmt":"2024-04-29T03:08:31","guid":{"rendered":"https:\/\/wp2.keystone.live\/?page_id=863"},"modified":"2024-05-29T16:33:39","modified_gmt":"2024-05-29T14:33:39","slug":"jogi-tanacsadas","status":"publish","type":"page","link":"https:\/\/keystone.live\/en\/jogi-tanacsadas\/","title":{"rendered":"Legal advisory"},"content":{"rendered":"<p>[et_pb_section fb_built=&#8221;1&#8243; _builder_version=&#8221;4.25.0&#8243; _module_preset=&#8221;default&#8221; global_colors_info=&#8221;{}&#8221;][et_pb_row _builder_version=&#8221;4.25.0&#8243; _module_preset=&#8221;default&#8221; width=&#8221;60%&#8221; width_tablet=&#8221;80%&#8221; width_phone=&#8221;80%&#8221; width_last_edited=&#8221;on|tablet&#8221; global_colors_info=&#8221;{}&#8221;][et_pb_column type=&#8221;4_4&#8243; _builder_version=&#8221;4.25.0&#8243; _module_preset=&#8221;default&#8221; global_colors_info=&#8221;{}&#8221;][et_pb_heading title=&#8221;@ET-DC@eyJkeW5hbWljIjp0cnVlLCJjb250ZW50IjoicG9zdF90aXRsZSIsInNldHRpbmdzIjp7ImJlZm9yZSI6IiIsImFmdGVyIjoiIn19@&#8221; _builder_version=&#8221;4.25.1&#8243; _dynamic_attributes=&#8221;title&#8221; _module_preset=&#8221;default&#8221; title_font=&#8221;&#8211;et_global_heading_font|600|||||||&#8221; title_text_align=&#8221;center&#8221; title_font_size=&#8221;34px&#8221; global_colors_info=&#8221;{}&#8221;][\/et_pb_heading][et_pb_image src=&#8221;http:\/\/wp2.keystone.live\/wp-content\/uploads\/2024\/05\/jogi-bim-tanacsadas.webp&#8221; title_text=&#8221;jogi-bim-tanacsadas&#8221; _builder_version=&#8221;4.25.1&#8243; _module_preset=&#8221;default&#8221; border_radii=&#8221;on|32px|32px|32px|32px&#8221; global_colors_info=&#8221;{}&#8221;][\/et_pb_image][et_pb_text _builder_version=&#8221;4.25.0&#8243; _module_preset=&#8221;default&#8221; text_orientation=&#8221;justified&#8221; global_colors_info=&#8221;{}&#8221;]<\/p>\n<p>A BIM elj\u00e1r\u00e1s olyan technol\u00f3gi\u00e1k \u00e9s folyamatok \u00f6sszess\u00e9ge, amelyek lehet\u0151v\u00e9 teszik egy \u00e9p\u00fclet l\u00e9trehoz\u00e1s\u00e1ban vagy \u00fczemeltet\u00e9s\u00e9ben \u00e9rdekelt szakemberek virtu\u00e1lis t\u00e9rben t\u00f6rt\u00e9n\u0151, automatiz\u00e1lt egy\u00fcttm\u0171k\u00f6d\u00e9s\u00e9t. M\u00edg a hazai \u00e1gazati szerepl\u0151k jelenleg alig, mind\u00f6ssze 8%-ban haszn\u00e1lj\u00e1k ki a BIM lehet\u0151s\u00e9geit, ez a sz\u00e1m a jogszab\u00e1lyv\u00e1ltoz\u00e1sok, \u00e9s megrendel\u0151i ig\u00e9nyek v\u00e1ltoz\u00e1s\u00e1val a k\u00f6vetkez\u0151 \u00e9vekben rohamosan n\u0151ni fog, \u00edgy aki most l\u00e9p, sz\u00e1mottev\u0151 versenyel\u0151nyre tehet szert az \u00e1gazat t\u00f6bbi szerepl\u0151j\u00e9vel szemben. A BIM-nek azonban sz\u00e1mos olyan jogi vonatkoz\u00e1sa is van, melyek figyelembe v\u00e9tele n\u00e9lk\u00fcl\u00f6zhetetlen a BIM-t\u0151l v\u00e1rt hat\u00e9konys\u00e1g emelked\u00e9s el\u00e9r\u00e9s\u00e9hez. A sikeres BIM projekt ilyen kulcseleme p\u00e9ld\u00e1ul a szellemi-tulajdonjogok megfelel\u0151 rendez\u00e9se, az adatkezel\u00e9si k\u00e9rd\u00e9sek tiszt\u00e1z\u00e1sa, illetve egy megfelel\u0151en szerkesztett, BIM-et tartalmaz\u00f3 szerz\u0151d\u00e9si keretrendszer kialak\u00edt\u00e1sa, mely m\u00e1r a szerz\u0151d\u00e9sk\u00f6t\u00e9s el\u0151tt rendezi a BIM-mel kapcsolatos legfontosabb k\u00e9rd\u00e9seket, k\u00fcl\u00f6n\u00f6sen hogy:<\/p>\n<p>&#8211; Mire legyen alkalmas a modell?<\/p>\n<p>&#8211; Milyen k\u00f6vetelm\u00e9nyeknek, elv\u00e1r\u00e1soknak kell a modellnek megfelelnie?<\/p>\n<p>&#8211; Kinek a k\u00f6teless\u00e9ge a modell elk\u00e9sz\u00edt\u00e9se?<\/p>\n<p>&#8211; Milyen m\u00f3don a leghat\u00e9konyabb megoldani a szak\u00e1gak k\u00f6z\u00f6tti egy\u00fcttm\u0171k\u00f6d\u00e9st?<\/p>\n<p>&#8211; Milyen kihat\u00e1ssal van a projekt \u00fctemez\u00e9s\u00e9re a BIM alkalmaz\u00e1sa?<\/p>\n<p>&#8211; Hogyan alakulnak a felek felel\u0151ss\u00e9gi k\u00f6rei a BIM kapcs\u00e1n?<\/p>\n<p><span>A k\u00e9s\u0151bbi jogvit\u00e1k elker\u00fcl\u00e9se \u00e9rdek\u00e9ben l\u00e9tfontoss\u00e1g\u00fa, hogy a projekt r\u00e9sztvev\u0151i m\u00e1r szerz\u0151d\u00e9sk\u00f6t\u00e9s el\u0151tt kiemelt figyelmet ford\u00edtsanak az ilyen jelleg\u0171 k\u00e9rd\u00e9sek megfelel\u0151 rendez\u00e9s\u00e9re.\u00a0<\/span><b>Ez\u00e9rt egyedi ig\u00e9nyekre szabott szerz\u0151d\u00e9ses koncepci\u00f3inkkal azon dolgozunk, hogy c\u00e9ge a jogi vit\u00e1k helyett a val\u00f3di \u00e9rt\u00e9kteremt\u00e9sre koncentr\u00e1lhasson!<\/b><\/p>\n<p>[\/et_pb_text][\/et_pb_column][\/et_pb_row][\/et_pb_section][et_pb_section fb_built=&#8221;1&#8243; _builder_version=&#8221;4.25.0&#8243; _module_preset=&#8221;default&#8221; custom_css_free_form=&#8221;\t.li_button{||height: 160px;||  width: 160px;||}&#8221; global_colors_info=&#8221;{}&#8221;][et_pb_row _builder_version=&#8221;4.25.0&#8243; _module_preset=&#8221;default&#8221; width=&#8221;60%&#8221; width_tablet=&#8221;80%&#8221; width_phone=&#8221;80%&#8221; width_last_edited=&#8221;on|phone&#8221; global_colors_info=&#8221;{}&#8221;][et_pb_column type=&#8221;4_4&#8243; _builder_version=&#8221;4.25.0&#8243; _module_preset=&#8221;default&#8221; global_colors_info=&#8221;{}&#8221;][et_pb_text _builder_version=&#8221;4.25.0&#8243; _module_preset=&#8221;default&#8221; global_colors_info=&#8221;{}&#8221;]<\/p>\n<h2><span>N\u00e9h\u00e1ny jellemz\u0151 szakmai t\u00e9mak\u00f6r, mely kapcs\u00e1n komoly el\u0151nyt jelenthet a projekt megfelel\u0151 jogi tervez\u00e9se:<\/span><\/h2>\n<p>[\/et_pb_text][\/et_pb_column][\/et_pb_row][et_pb_row column_structure=&#8221;1_3,2_3&#8243; _builder_version=&#8221;4.25.0&#8243; _module_preset=&#8221;default&#8221; width=&#8221;60%&#8221; width_tablet=&#8221;80%&#8221; width_phone=&#8221;80%&#8221; width_last_edited=&#8221;on|phone&#8221; custom_padding=&#8221;||60px|||&#8221; global_colors_info=&#8221;{}&#8221;][et_pb_column type=&#8221;1_3&#8243; _builder_version=&#8221;4.25.0&#8243; _module_preset=&#8221;default&#8221; global_colors_info=&#8221;{}&#8221;][et_pb_button button_text=&#8221;1&#8243; _builder_version=&#8221;4.25.0&#8243; _module_preset=&#8221;bd54a8fe-3ce2-472e-bcf6-db094f0287ea&#8221; global_colors_info=&#8221;{}&#8221;][\/et_pb_button][\/et_pb_column][et_pb_column type=&#8221;2_3&#8243; _builder_version=&#8221;4.25.0&#8243; _module_preset=&#8221;default&#8221; global_colors_info=&#8221;{}&#8221;][et_pb_text _builder_version=&#8221;4.25.0&#8243; _module_preset=&#8221;default&#8221; global_colors_info=&#8221;{}&#8221;]Az egyik leggyakoribb probl\u00e9ma, hogy az \u00fcgyf\u00e9l a t\u00e1rstervez\u0151kkel k\u00f6t\u00f6tt szerz\u0151d\u00e9sben annyit r\u00f6gz\u00edt, hogy \u2018BIM\u2019 vagy \u2018BIM Level 2\u2019-t haszn\u00e1ljanak a projekthez. Mivel A BIM defin\u00edci\u00f3j\u00e1nak \u00e9rtelmez\u00e9se mindenki sz\u00e1m\u00e1ra elt\u00e9r\u0151, ez\u00e9rt nem elegend\u0151 annyit k\u00e9rni, hogy legyen BIM. Megfelel\u0151en szab\u00e1lyozni kell a t\u00e9nyleges k\u00f6vetelm\u00e9nyeket, \u00edgy minden f\u00e9l sz\u00e1m\u00e1ra egy\u00e9rtelm\u0171 \u00e9s kisz\u00e1m\u00edthat\u00f3 felt\u00e9telrendszert teremtve.[\/et_pb_text][\/et_pb_column][\/et_pb_row][et_pb_row column_structure=&#8221;2_3,1_3&#8243; module_class=&#8221;custom_row&#8221; _builder_version=&#8221;4.25.0&#8243; _module_preset=&#8221;default&#8221; width=&#8221;60%&#8221; width_tablet=&#8221;80%&#8221; width_phone=&#8221;80%&#8221; width_last_edited=&#8221;on|tablet&#8221; custom_padding=&#8221;||60px|||&#8221; global_colors_info=&#8221;{}&#8221;][et_pb_column type=&#8221;2_3&#8243; module_class=&#8221;second-on-mobile&#8221; _builder_version=&#8221;4.25.0&#8243; _module_preset=&#8221;default&#8221; global_colors_info=&#8221;{}&#8221;][et_pb_text _builder_version=&#8221;4.25.0&#8243; _module_preset=&#8221;default&#8221; global_colors_info=&#8221;{}&#8221;]<\/p>\n<p>Egy m\u00e1sik gyakori k\u00e9rd\u00e9s a szerkeszthet\u0151 modellre vonatkoz\u00f3 haszn\u00e1lati enged\u00e9lyek tiszt\u00e1z\u00e1sa. Azon konkr\u00e9t k\u00e9rd\u00e9seket mindenk\u00e9pp sz\u00fcks\u00e9ges rendezni, hogy p\u00e9ld\u00e1ul a megb\u00edz\u00f3 felhaszn\u00e1lhatja-e a modellt v\u00e1ltoztat\u00e1sok eset\u00e9n, tov\u00e1bbadhatja-e m\u00e1s tervez\u0151knek korszer\u0171s\u00edt\u00e9si projekthez vagy az enged\u00e9ly csak arra jogos\u00edtja, hogy a nat\u00edv inform\u00e1ci\u00f3kat felhaszn\u00e1lja a vagyongazd\u00e1lkod\u00e1s sor\u00e1n?<\/p>\n<p>[\/et_pb_text][\/et_pb_column][et_pb_column type=&#8221;1_3&#8243; module_class=&#8221;first-on-mobile&#8221; _builder_version=&#8221;4.25.0&#8243; _module_preset=&#8221;default&#8221; custom_padding=&#8221;||20px||false|false&#8221; global_colors_info=&#8221;{}&#8221;][et_pb_button button_text=&#8221;2&#8243; _builder_version=&#8221;4.25.0&#8243; _module_preset=&#8221;bd54a8fe-3ce2-472e-bcf6-db094f0287ea&#8221; locked=&#8221;off&#8221; global_colors_info=&#8221;{}&#8221; button_bg_color__hover_enabled=&#8221;on|desktop&#8221; button_bg_color__hover=&#8221;RGBA(255,255,255,0)&#8221; button_bg_enable_color__hover=&#8221;on&#8221; button_border_width__hover_enabled=&#8221;off|hover&#8221;][\/et_pb_button][\/et_pb_column][\/et_pb_row][et_pb_row column_structure=&#8221;1_3,2_3&#8243; _builder_version=&#8221;4.25.0&#8243; _module_preset=&#8221;default&#8221; width=&#8221;60%&#8221; width_tablet=&#8221;80%&#8221; width_phone=&#8221;80%&#8221; width_last_edited=&#8221;on|phone&#8221; global_colors_info=&#8221;{}&#8221;][et_pb_column type=&#8221;1_3&#8243; _builder_version=&#8221;4.25.0&#8243; _module_preset=&#8221;default&#8221; global_colors_info=&#8221;{}&#8221;][et_pb_button button_text=&#8221;3&#8243; _builder_version=&#8221;4.25.0&#8243; _module_preset=&#8221;bd54a8fe-3ce2-472e-bcf6-db094f0287ea&#8221; locked=&#8221;off&#8221; global_colors_info=&#8221;{}&#8221; button_bg_color__hover=&#8221;RGBA(255,255,255,0)&#8221; button_bg_enable_color__hover=&#8221;on&#8221; button_border_width__hover_enabled=&#8221;off|hover&#8221;][\/et_pb_button][\/et_pb_column][et_pb_column type=&#8221;2_3&#8243; _builder_version=&#8221;4.25.0&#8243; _module_preset=&#8221;default&#8221; global_colors_info=&#8221;{}&#8221;][et_pb_text _builder_version=&#8221;4.25.0&#8243; _module_preset=&#8221;default&#8221; global_colors_info=&#8221;{}&#8221;]<\/p>\n<p><span>V\u00e9g\u00fcl, sok esetben n\u00e9lk\u00fcl\u00f6zhetetlen a projekt kezdete el\u0151tt a megb\u00edz\u00f3 ig\u00e9nyeinek pontos felm\u00e9r\u00e9se \u00e9s ezek megfelel\u0151, szerz\u0151d\u00e9ses form\u00e1ban val\u00f3 r\u00f6gz\u00edt\u00e9se. Ennek keret\u00e9ben k\u00fcl\u00f6n\u00f6sen fontos, hogy<\/span><\/p>\n<ul>\n<li aria-level=\"1\"><span>rendelkezik-e a megb\u00edz\u00f3 szabv\u00e1nyos BIM folyamatokkal, amelyeket teljes\u00edteni kell?<\/span><\/li>\n<li aria-level=\"1\"><span>kinek van szem\u00e9lyes felel\u0151ss\u00e9ge a BIM folyamat ir\u00e1ny\u00edt\u00e1s\u00e1\u00e9rt \u00e9s koordin\u00e1l\u00e1s\u00e1\u00e9rt?<\/span><\/li>\n<li aria-level=\"1\"><span>milyen BIM teljes\u00edt\u00e9si c\u00e9lokat v\u00e1r el a megb\u00edz\u00f3?<\/span><\/li>\n<li aria-level=\"1\"><span>van-e a megb\u00edz\u00f3nak hozz\u00e1f\u00e9r\u00e9si joga a BIM-ben t\u00e1rolt adatokhoz a szerz\u0151d\u00e9s felmond\u00e1sa eset\u00e9n?<\/span><\/li>\n<\/ul>\n<p>[\/et_pb_text][\/et_pb_column][\/et_pb_row][\/et_pb_section]<\/p>\n","protected":false},"excerpt":{"rendered":"<p>A BIM elj\u00e1r\u00e1s olyan technol\u00f3gi\u00e1k \u00e9s folyamatok \u00f6sszess\u00e9ge, amelyek lehet\u0151v\u00e9 teszik egy \u00e9p\u00fclet l\u00e9trehoz\u00e1s\u00e1ban vagy \u00fczemeltet\u00e9s\u00e9ben \u00e9rdekelt szakemberek virtu\u00e1lis t\u00e9rben t\u00f6rt\u00e9n\u0151, automatiz\u00e1lt egy\u00fcttm\u0171k\u00f6d\u00e9s\u00e9t. M\u00edg a hazai \u00e1gazati szerepl\u0151k jelenleg alig, mind\u00f6ssze 8%-ban haszn\u00e1lj\u00e1k ki a BIM lehet\u0151s\u00e9geit, ez a sz\u00e1m a jogszab\u00e1lyv\u00e1ltoz\u00e1sok, \u00e9s megrendel\u0151i ig\u00e9nyek v\u00e1ltoz\u00e1s\u00e1val a k\u00f6vetkez\u0151 \u00e9vekben rohamosan n\u0151ni fog, \u00edgy aki most [&hellip;]<\/p>\n","protected":false},"author":2,"featured_media":0,"parent":0,"menu_order":0,"comment_status":"closed","ping_status":"closed","template":"","meta":{"_et_pb_use_builder":"on","_et_pb_old_content":"","_et_gb_content_width":"","inline_featured_image":false,"_monsterinsights_skip_tracking":false,"_monsterinsights_sitenote_active":false,"_monsterinsights_sitenote_note":"","_monsterinsights_sitenote_category":0,"footnotes":""},"class_list":["post-863","page","type-page","status-publish","hentry"],"yoast_head":"<!-- This site is optimized with the Yoast SEO plugin v27.3 - https:\/\/yoast.com\/product\/yoast-seo-wordpress\/ -->\n<title>Jogi tan\u00e1csad\u00e1s - Keystone<\/title>\n<meta name=\"description\" content=\"Ismerje meg a BIM technol\u00f3gia jogi vonatkoz\u00e1sait a Keystone jogi tan\u00e1csad\u00e1s\u00e1val. Szellemi tulajdonjogok, adatkezel\u00e9si k\u00e9rd\u00e9sek, \u00e9s szerz\u0151d\u00e9si keretrendszerek a sikeres projektek\u00e9rt\" \/>\n<meta name=\"robots\" content=\"index, follow, max-snippet:-1, max-image-preview:large, max-video-preview:-1\" \/>\n<link rel=\"canonical\" href=\"https:\/\/keystone.live\/en\/jogi-tanacsadas\/\" \/>\n<meta property=\"og:locale\" content=\"en_GB\" \/>\n<meta property=\"og:type\" content=\"article\" \/>\n<meta property=\"og:title\" content=\"Jogi tan\u00e1csad\u00e1s - Keystone\" \/>\n<meta property=\"og:description\" content=\"Ismerje meg a BIM technol\u00f3gia jogi vonatkoz\u00e1sait a Keystone jogi tan\u00e1csad\u00e1s\u00e1val. Szellemi tulajdonjogok, adatkezel\u00e9si k\u00e9rd\u00e9sek, \u00e9s szerz\u0151d\u00e9si keretrendszerek a sikeres projektek\u00e9rt\" \/>\n<meta property=\"og:url\" content=\"https:\/\/keystone.live\/en\/jogi-tanacsadas\/\" \/>\n<meta property=\"og:site_name\" content=\"Keystone\" \/>\n<meta property=\"article:modified_time\" content=\"2024-05-29T14:33:39+00:00\" \/>\n<meta name=\"twitter:card\" content=\"summary_large_image\" \/>\n<meta name=\"twitter:label1\" content=\"Estimated reading time\" \/>\n\t<meta name=\"twitter:data1\" content=\"2 minutes\" \/>\n<script type=\"application\/ld+json\" class=\"yoast-schema-graph\">{\"@context\":\"https:\\\/\\\/schema.org\",\"@graph\":[{\"@type\":\"WebPage\",\"@id\":\"https:\\\/\\\/keystone.live\\\/jogi-tanacsadas\\\/\",\"url\":\"https:\\\/\\\/keystone.live\\\/jogi-tanacsadas\\\/\",\"name\":\"Jogi tan\u00e1csad\u00e1s - Keystone\",\"isPartOf\":{\"@id\":\"https:\\\/\\\/keystone.live\\\/#website\"},\"datePublished\":\"2024-04-29T03:08:31+00:00\",\"dateModified\":\"2024-05-29T14:33:39+00:00\",\"description\":\"Ismerje meg a BIM technol\u00f3gia jogi vonatkoz\u00e1sait a Keystone jogi tan\u00e1csad\u00e1s\u00e1val. Szellemi tulajdonjogok, adatkezel\u00e9si k\u00e9rd\u00e9sek, \u00e9s szerz\u0151d\u00e9si keretrendszerek a sikeres projektek\u00e9rt\",\"breadcrumb\":{\"@id\":\"https:\\\/\\\/keystone.live\\\/jogi-tanacsadas\\\/#breadcrumb\"},\"inLanguage\":\"en-GB\",\"potentialAction\":[{\"@type\":\"ReadAction\",\"target\":[\"https:\\\/\\\/keystone.live\\\/jogi-tanacsadas\\\/\"]}]},{\"@type\":\"BreadcrumbList\",\"@id\":\"https:\\\/\\\/keystone.live\\\/jogi-tanacsadas\\\/#breadcrumb\",\"itemListElement\":[{\"@type\":\"ListItem\",\"position\":1,\"name\":\"Kezd\u0151lap\",\"item\":\"https:\\\/\\\/keystone.live\\\/\"},{\"@type\":\"ListItem\",\"position\":2,\"name\":\"Jogi tan\u00e1csad\u00e1s\"}]},{\"@type\":\"WebSite\",\"@id\":\"https:\\\/\\\/keystone.live\\\/#website\",\"url\":\"https:\\\/\\\/keystone.live\\\/\",\"name\":\"Keystone\",\"description\":\"BUILT ON PRECISION\",\"publisher\":{\"@id\":\"https:\\\/\\\/keystone.live\\\/#organization\"},\"potentialAction\":[{\"@type\":\"SearchAction\",\"target\":{\"@type\":\"EntryPoint\",\"urlTemplate\":\"https:\\\/\\\/keystone.live\\\/?s={search_term_string}\"},\"query-input\":{\"@type\":\"PropertyValueSpecification\",\"valueRequired\":true,\"valueName\":\"search_term_string\"}}],\"inLanguage\":\"en-GB\"},{\"@type\":\"Organization\",\"@id\":\"https:\\\/\\\/keystone.live\\\/#organization\",\"name\":\"Keystone\",\"url\":\"https:\\\/\\\/keystone.live\\\/\",\"logo\":{\"@type\":\"ImageObject\",\"inLanguage\":\"en-GB\",\"@id\":\"https:\\\/\\\/keystone.live\\\/#\\\/schema\\\/logo\\\/image\\\/\",\"url\":\"http:\\\/\\\/wp2.keystone.live\\\/wp-content\\\/uploads\\\/2024\\\/03\\\/cropped-keystone_favicon.png\",\"contentUrl\":\"http:\\\/\\\/wp2.keystone.live\\\/wp-content\\\/uploads\\\/2024\\\/03\\\/cropped-keystone_favicon.png\",\"width\":512,\"height\":512,\"caption\":\"Keystone\"},\"image\":{\"@id\":\"https:\\\/\\\/keystone.live\\\/#\\\/schema\\\/logo\\\/image\\\/\"}}]}<\/script>\n<!-- \/ Yoast SEO plugin. -->","yoast_head_json":{"title":"Jogi tan\u00e1csad\u00e1s - Keystone","description":"Ismerje meg a BIM technol\u00f3gia jogi vonatkoz\u00e1sait a Keystone jogi tan\u00e1csad\u00e1s\u00e1val. Szellemi tulajdonjogok, adatkezel\u00e9si k\u00e9rd\u00e9sek, \u00e9s szerz\u0151d\u00e9si keretrendszerek a sikeres projektek\u00e9rt","robots":{"index":"index","follow":"follow","max-snippet":"max-snippet:-1","max-image-preview":"max-image-preview:large","max-video-preview":"max-video-preview:-1"},"canonical":"https:\/\/keystone.live\/en\/jogi-tanacsadas\/","og_locale":"en_GB","og_type":"article","og_title":"Jogi tan\u00e1csad\u00e1s - Keystone","og_description":"Ismerje meg a BIM technol\u00f3gia jogi vonatkoz\u00e1sait a Keystone jogi tan\u00e1csad\u00e1s\u00e1val. Szellemi tulajdonjogok, adatkezel\u00e9si k\u00e9rd\u00e9sek, \u00e9s szerz\u0151d\u00e9si keretrendszerek a sikeres projektek\u00e9rt","og_url":"https:\/\/keystone.live\/en\/jogi-tanacsadas\/","og_site_name":"Keystone","article_modified_time":"2024-05-29T14:33:39+00:00","twitter_card":"summary_large_image","twitter_misc":{"Estimated reading time":"2 minutes"},"schema":{"@context":"https:\/\/schema.org","@graph":[{"@type":"WebPage","@id":"https:\/\/keystone.live\/jogi-tanacsadas\/","url":"https:\/\/keystone.live\/jogi-tanacsadas\/","name":"Jogi tan\u00e1csad\u00e1s - Keystone","isPartOf":{"@id":"https:\/\/keystone.live\/#website"},"datePublished":"2024-04-29T03:08:31+00:00","dateModified":"2024-05-29T14:33:39+00:00","description":"Ismerje meg a BIM technol\u00f3gia jogi vonatkoz\u00e1sait a Keystone jogi tan\u00e1csad\u00e1s\u00e1val. Szellemi tulajdonjogok, adatkezel\u00e9si k\u00e9rd\u00e9sek, \u00e9s szerz\u0151d\u00e9si keretrendszerek a sikeres projektek\u00e9rt","breadcrumb":{"@id":"https:\/\/keystone.live\/jogi-tanacsadas\/#breadcrumb"},"inLanguage":"en-GB","potentialAction":[{"@type":"ReadAction","target":["https:\/\/keystone.live\/jogi-tanacsadas\/"]}]},{"@type":"BreadcrumbList","@id":"https:\/\/keystone.live\/jogi-tanacsadas\/#breadcrumb","itemListElement":[{"@type":"ListItem","position":1,"name":"Kezd\u0151lap","item":"https:\/\/keystone.live\/"},{"@type":"ListItem","position":2,"name":"Jogi tan\u00e1csad\u00e1s"}]},{"@type":"WebSite","@id":"https:\/\/keystone.live\/#website","url":"https:\/\/keystone.live\/","name":"Keystone","description":"BUILT ON PRECISION","publisher":{"@id":"https:\/\/keystone.live\/#organization"},"potentialAction":[{"@type":"SearchAction","target":{"@type":"EntryPoint","urlTemplate":"https:\/\/keystone.live\/?s={search_term_string}"},"query-input":{"@type":"PropertyValueSpecification","valueRequired":true,"valueName":"search_term_string"}}],"inLanguage":"en-GB"},{"@type":"Organization","@id":"https:\/\/keystone.live\/#organization","name":"Keystone","url":"https:\/\/keystone.live\/","logo":{"@type":"ImageObject","inLanguage":"en-GB","@id":"https:\/\/keystone.live\/#\/schema\/logo\/image\/","url":"http:\/\/wp2.keystone.live\/wp-content\/uploads\/2024\/03\/cropped-keystone_favicon.png","contentUrl":"http:\/\/wp2.keystone.live\/wp-content\/uploads\/2024\/03\/cropped-keystone_favicon.png","width":512,"height":512,"caption":"Keystone"},"image":{"@id":"https:\/\/keystone.live\/#\/schema\/logo\/image\/"}}]}},"_links":{"self":[{"href":"https:\/\/keystone.live\/en\/wp-json\/wp\/v2\/pages\/863","targetHints":{"allow":["GET"]}}],"collection":[{"href":"https:\/\/keystone.live\/en\/wp-json\/wp\/v2\/pages"}],"about":[{"href":"https:\/\/keystone.live\/en\/wp-json\/wp\/v2\/types\/page"}],"author":[{"embeddable":true,"href":"https:\/\/keystone.live\/en\/wp-json\/wp\/v2\/users\/2"}],"replies":[{"embeddable":true,"href":"https:\/\/keystone.live\/en\/wp-json\/wp\/v2\/comments?post=863"}],"version-history":[{"count":5,"href":"https:\/\/keystone.live\/en\/wp-json\/wp\/v2\/pages\/863\/revisions"}],"predecessor-version":[{"id":1287,"href":"https:\/\/keystone.live\/en\/wp-json\/wp\/v2\/pages\/863\/revisions\/1287"}],"wp:attachment":[{"href":"https:\/\/keystone.live\/en\/wp-json\/wp\/v2\/media?parent=863"}],"curies":[{"name":"wp","href":"https:\/\/api.w.org\/{rel}","templated":true}]}}