{"id":2182,"date":"2025-05-19T13:51:41","date_gmt":"2025-05-19T11:51:41","guid":{"rendered":"https:\/\/wp2.keystone.live\/?page_id=2182"},"modified":"2025-05-20T12:25:48","modified_gmt":"2025-05-20T10:25:48","slug":"user-guide","status":"publish","type":"page","link":"https:\/\/keystone.live\/en\/user-guide\/","title":{"rendered":"Szakmai seg\u00e9dlet \u00e9p\u00edteszeknek"},"content":{"rendered":"<p>[et_pb_section fb_built=&#8221;1&#8243; admin_label=&#8221;section&#8221; _builder_version=&#8221;4.16&#8243; global_colors_info=&#8221;{}&#8221;][et_pb_row admin_label=&#8221;row&#8221; _builder_version=&#8221;4.16&#8243; background_size=&#8221;initial&#8221; background_position=&#8221;top_left&#8221; background_repeat=&#8221;repeat&#8221; custom_padding=&#8221;||0px|||&#8221; global_colors_info=&#8221;{}&#8221;][et_pb_column type=&#8221;4_4&#8243; _builder_version=&#8221;4.16&#8243; custom_padding=&#8221;|||&#8221; global_colors_info=&#8221;{}&#8221; custom_padding__hover=&#8221;|||&#8221;][et_pb_text admin_label=&#8221;Text&#8221; _builder_version=&#8221;4.16&#8243; background_size=&#8221;initial&#8221; background_position=&#8221;top_left&#8221; background_repeat=&#8221;repeat&#8221; global_colors_info=&#8221;{}&#8221;]<\/p>\n<h2>BIM haszn\u00e1lati \u00fatmutat\u00f3<\/h2>\n<p>A Keystone &#8211; v\u00e1zlattervi f\u00e1zis &#8211; haszn\u00e1lat\u00e1hoz k\u00e9sz\u00fclt \u00fatmutat\u00f3, amely l\u00e9p\u00e9sr\u0151l l\u00e9p\u00e9sre bemutatja a BIM sablon file-ban l\u00e9trehozott model be\u00e1ll\u00edt\u00e1sait \u00e9s ifc export-j\u00e1t. A haszn\u00e1lati \u00fatmutat\u00f3 Archicad tervez\u0151 programhoz k\u00e9sz\u00fclt.\u00a0<\/p>\n<p style=\"text-align: center;\"><a href='http:\/\/wp2.keystone.live\/wp-content\/uploads\/2025\/05\/Keystone-hasznalati-utmutato-2025-05.pdf' class='big-button biggreen'>Keystone haszna\u0301lati u\u0301tmutato\u0301<\/a><br \/>(.pdf, friss\u00edtve 2025\/05)<\/p>\n<p style=\"text-align: center;\">\n<p>[\/et_pb_text][\/et_pb_column][\/et_pb_row][et_pb_row column_structure=&#8221;1_2,1_2&#8243; admin_label=&#8221;row&#8221; _builder_version=&#8221;4.27.4&#8243; background_size=&#8221;initial&#8221; background_position=&#8221;top_left&#8221; background_repeat=&#8221;repeat&#8221; custom_margin=&#8221;12px|auto||auto||&#8221; global_colors_info=&#8221;{}&#8221;][et_pb_column type=&#8221;1_2&#8243; _builder_version=&#8221;4.16&#8243; custom_padding=&#8221;|||&#8221; global_colors_info=&#8221;{}&#8221; custom_padding__hover=&#8221;|||&#8221;][et_pb_text admin_label=&#8221;Text&#8221; _builder_version=&#8221;4.16&#8243; background_size=&#8221;initial&#8221; background_position=&#8221;top_left&#8221; background_repeat=&#8221;repeat&#8221; global_colors_info=&#8221;{}&#8221;]<\/p>\n<p style=\"text-align: left;\"><span style=\"color: #122330; font-family: Sen, Helvetica, Arial, Lucida, sans-serif; font-size: 26px; text-align: left;\">Archicad mintatervek \u00e9s sablonok<\/span><\/p>\n<p>Archicad 25-\u00f6s verzi\u00f3 vagy ann\u00e1l \u00fajabb haszn\u00e1lata javasolt.<\/p>\n<div class='et-box et-shadow'>\n\t\t\t\t\t<div class='et-box-content'><ul>\n<li><a href=\"https:\/\/cdn.keystone.live\/sablon\/bim_sablonfile_keystone.pla\" target=\"_blank\" rel=\"noopener\">Keystone BIM mintaterv (.pla)<\/a><\/li>\n<li><a href=\"https:\/\/cdn.keystone.live\/sablon\/bim_sablonfile_keystone.pln\" target=\"_blank\" rel=\"noopener\">Keystone BIM mintaterv (.pln)<\/a><\/li>\n<li><a href=\"https:\/\/cdn.keystone.live\/sablon\/bim_sablonfile_hazzal.tpl\">Keystone BIM sablon h\u00e1zzal (.tpl)<\/a><\/li>\n<li><a href=\"https:\/\/cdn.keystone.live\/sablon\/bim_sablonfile_ures.tpl\">Keystone BIM sablon \u00fcres (.tpl)<\/a><\/li>\n<\/ul><\/div><\/div>\n<p>&nbsp;<\/p>\n<p>&nbsp;<\/p>\n<p>[\/et_pb_text][\/et_pb_column][et_pb_column type=&#8221;1_2&#8243; _builder_version=&#8221;4.27.4&#8243; _module_preset=&#8221;default&#8221; global_colors_info=&#8221;{}&#8221;][et_pb_image src=&#8221;http:\/\/wp2.keystone.live\/wp-content\/uploads\/2025\/05\/Screenshot-2025-05-19-at-13.35.49.png&#8221; title_text=&#8221;Screenshot 2025-05-19 at 13.35.49&#8243; _builder_version=&#8221;4.27.4&#8243; _module_preset=&#8221;default&#8221; global_colors_info=&#8221;{}&#8221;][\/et_pb_image][\/et_pb_column][\/et_pb_row][et_pb_row admin_label=&#8221;row&#8221; _builder_version=&#8221;4.27.4&#8243; background_size=&#8221;initial&#8221; background_position=&#8221;top_left&#8221; background_repeat=&#8221;repeat&#8221; global_colors_info=&#8221;{}&#8221;][et_pb_column type=&#8221;4_4&#8243; _builder_version=&#8221;4.16&#8243; custom_padding=&#8221;|||&#8221; global_colors_info=&#8221;{}&#8221; custom_padding__hover=&#8221;|||&#8221;][et_pb_text admin_label=&#8221;Text&#8221; _builder_version=&#8221;4.16&#8243; background_size=&#8221;initial&#8221; background_position=&#8221;top_left&#8221; background_repeat=&#8221;repeat&#8221; global_colors_info=&#8221;{}&#8221;]<\/p>\n<h2>Egyedi tervez\u0151i sablon haszn\u00e1lata<\/h2>\n<p class=\"p2\">Hogyha az \u00e9p\u00edt\u00e9szirod\u00e1d egyedi BIM sablonb\u00f3l vagy b\u00e1rmilyen irodai sablonb\u00f3l dolgozik, akkor a Keystone t\u00e9r\u00edt\u00e9smentesen v\u00e1llalja az adott projekt megfelel\u0151 \u00e1talak\u00edt\u00e1s\u00e1t a platform g\u00f6rd\u00fcl\u00e9keny haszn\u00e1lata \u00e9rdek\u00e9ben.<\/p>\n<p class=\"p2\">\n<p class=\"p2\">\n<p class=\"p2\">\n<p>[\/et_pb_text][et_pb_text admin_label=&#8221;Text&#8221; _builder_version=&#8221;4.16&#8243; background_size=&#8221;initial&#8221; background_position=&#8221;top_left&#8221; background_repeat=&#8221;repeat&#8221; global_colors_info=&#8221;{}&#8221;]<\/p>\n<h2><\/h2>\n<h2>Keystone sablon f\u00e1jl haszn\u00e1lata<\/h2>\n<p class=\"p2\">Amennyiben m\u00e9g az 2024-es verzi\u00f3j\u00fa Keystone mintaprojektet haszn\u00e1lod \u00fagy az ahhoz tartoz\u00f3 \u00fatmutat\u00f3t itt tal\u00e1lod:<\/p>\n<p class=\"p2\"><a href=\"https:\/\/app.keystone.live\/assets\/docs\/Keystone_hasznalati_utmutato_2024.pdf\">Keystone haszn\u00e1lati \u00fatmutat\u00f3 2024 (.pdf)<\/a><\/p>\n<p class=\"p2\">\n<p class=\"p2\">\n<p>[\/et_pb_text][\/et_pb_column][\/et_pb_row][\/et_pb_section]<\/p>\n","protected":false},"excerpt":{"rendered":"<p>BIM haszn\u00e1lati \u00fatmutat\u00f3 A Keystone &#8211; v\u00e1zlattervi f\u00e1zis &#8211; haszn\u00e1lat\u00e1hoz k\u00e9sz\u00fclt \u00fatmutat\u00f3, amely l\u00e9p\u00e9sr\u0151l l\u00e9p\u00e9sre bemutatja a BIM sablon file-ban l\u00e9trehozott model be\u00e1ll\u00edt\u00e1sait \u00e9s ifc export-j\u00e1t. A haszn\u00e1lati \u00fatmutat\u00f3 Archicad tervez\u0151 programhoz k\u00e9sz\u00fclt.\u00a0 <a href='http:\/\/wp2.keystone.live\/wp-content\/uploads\/2025\/05\/Keystone-hasznalati-utmutato-2025-05.pdf' class='big-button biggreen'>Keystone haszna\u0301lati u\u0301tmutato\u0301<\/a>(.pdf, friss\u00edtve 2025\/05) Archicad mintatervek \u00e9s sablonok Archicad 25-\u00f6s verzi\u00f3 vagy ann\u00e1l \u00fajabb haszn\u00e1lata javasolt. [&hellip;]<\/p>\n","protected":false},"author":8,"featured_media":0,"parent":0,"menu_order":0,"comment_status":"closed","ping_status":"closed","template":"","meta":{"_et_pb_use_builder":"on","_et_pb_old_content":"A Keystone csapata az al\u00e1bbi \u00fatmutat\u00f3kkal tette k\u00f6zz\u00e9.\r\n\r\n&nbsp;\r\n<h2>BIM haszn\u00e1lati \u00fatmutat\u00f3<\/h2>\r\nA Keystone - v\u00e1zlattervi f\u00e1zis - haszn\u00e1lat\u00e1hoz k\u00e9sz\u00fclt \u00fatmutat\u00f3, amely l\u00e9p\u00e9sr\u0151l l\u00e9p\u00e9sre bemutatja a BIM sablon file-ban l\u00e9trehozott model be\u00e1ll\u00edt\u00e1sait \u00e9s ifc export-j\u00e1t. A haszn\u00e1lati \u00fatmutat\u00f3 Archicad tervez\u0151 programhoz k\u00e9sz\u00fcl Archicad 25-\u00f6s verzi\u00f3 vagy ann\u00e1l \u00fajabb haszn\u00e1lata javasolt.\r\n<p style=\"text-align: center;\">[button link=\"http:\/\/wp2.keystone.live\/wp-content\/uploads\/2025\/05\/Keystone-hasznalati-utmutato.pdf\" type=\"big\" color=\"green\"] Keystone haszna\u0301lati u\u0301tmutato\u0301 [\/button]\r\n(.pdf, friss\u00edtve 2025\/05)<\/p>\r\n&nbsp;\r\n<h2>Archicad minta tervek<\/h2>\r\n[box]\r\n<ul>\r\n \t<li><a href=\"https:\/\/cdn.keystone.live\/sablon\/bim_sablonfile_keystone.pla\" target=\"_blank\" rel=\"noopener\">ARCHICAD terv f\u00e1jl (.pla)<\/a><\/li>\r\n \t<li><a href=\"https:\/\/cdn.keystone.live\/sablon\/bim_sablonfile_keystone.pln\" target=\"_blank\" rel=\"noopener\">ARCHICAD terv f\u00e1jl (.pln)<\/a><\/li>\r\n<\/ul>\r\n[\/box]\r\n\r\n&nbsp;\r\n<h2>Egyedi tervez\u0151i sablon haszn\u00e1lata<\/h2>\r\n<p class=\"p2\">Hogyha az \u00e9p\u00edt\u00e9szirod\u00e1d egyedi BIM sablonb\u00f3l vagy b\u00e1rmilyen irodai sablonb\u00f3l dolgozik, akkor a Keystone v\u00e1llalja az adott projekt megfelel\u0151 \u00e1talak\u00edt\u00e1s\u00e1t a platform g\u00f6rd\u00fcl\u00e9keny haszn\u00e1lata \u00e9rdek\u00e9ben.<\/p>\r\n&nbsp;\r\n\r\n&nbsp;\r\n\r\n&nbsp;\r\n\r\n&nbsp;\r\n\r\n&nbsp;","_et_gb_content_width":"","inline_featured_image":false,"_monsterinsights_skip_tracking":false,"_monsterinsights_sitenote_active":false,"_monsterinsights_sitenote_note":"","_monsterinsights_sitenote_category":0,"footnotes":""},"class_list":["post-2182","page","type-page","status-publish","hentry"],"yoast_head":"<!-- This site is optimized with the Yoast SEO plugin v27.3 - https:\/\/yoast.com\/product\/yoast-seo-wordpress\/ -->\n<title>Szakmai seg\u00e9dlet \u00e9p\u00edteszeknek - Keystone<\/title>\n<meta name=\"robots\" content=\"index, follow, max-snippet:-1, max-image-preview:large, max-video-preview:-1\" \/>\n<link rel=\"canonical\" href=\"https:\/\/keystone.live\/en\/user-guide\/\" \/>\n<meta property=\"og:locale\" content=\"en_GB\" \/>\n<meta property=\"og:type\" content=\"article\" \/>\n<meta property=\"og:title\" content=\"Szakmai seg\u00e9dlet \u00e9p\u00edteszeknek - Keystone\" \/>\n<meta property=\"og:description\" content=\"BIM haszn\u00e1lati \u00fatmutat\u00f3 A Keystone - v\u00e1zlattervi f\u00e1zis - haszn\u00e1lat\u00e1hoz k\u00e9sz\u00fclt \u00fatmutat\u00f3, amely l\u00e9p\u00e9sr\u0151l l\u00e9p\u00e9sre bemutatja a BIM sablon file-ban l\u00e9trehozott model be\u00e1ll\u00edt\u00e1sait \u00e9s ifc export-j\u00e1t. A haszn\u00e1lati \u00fatmutat\u00f3 Archicad tervez\u0151 programhoz k\u00e9sz\u00fclt.\u00a0 (.pdf, friss\u00edtve 2025\/05) Archicad mintatervek \u00e9s sablonok Archicad 25-\u00f6s verzi\u00f3 vagy ann\u00e1l \u00fajabb haszn\u00e1lata javasolt. [&hellip;]\" \/>\n<meta property=\"og:url\" content=\"https:\/\/keystone.live\/en\/user-guide\/\" \/>\n<meta property=\"og:site_name\" content=\"Keystone\" \/>\n<meta property=\"article:modified_time\" content=\"2025-05-20T10:25:48+00:00\" \/>\n<meta name=\"twitter:card\" content=\"summary_large_image\" \/>\n<meta name=\"twitter:label1\" content=\"Estimated reading time\" \/>\n\t<meta name=\"twitter:data1\" content=\"1 minute\" \/>\n<script type=\"application\/ld+json\" class=\"yoast-schema-graph\">{\"@context\":\"https:\\\/\\\/schema.org\",\"@graph\":[{\"@type\":\"WebPage\",\"@id\":\"https:\\\/\\\/keystone.live\\\/user-guide\\\/\",\"url\":\"https:\\\/\\\/keystone.live\\\/user-guide\\\/\",\"name\":\"Szakmai seg\u00e9dlet \u00e9p\u00edteszeknek - Keystone\",\"isPartOf\":{\"@id\":\"https:\\\/\\\/keystone.live\\\/#website\"},\"datePublished\":\"2025-05-19T11:51:41+00:00\",\"dateModified\":\"2025-05-20T10:25:48+00:00\",\"breadcrumb\":{\"@id\":\"https:\\\/\\\/keystone.live\\\/user-guide\\\/#breadcrumb\"},\"inLanguage\":\"en-GB\",\"potentialAction\":[{\"@type\":\"ReadAction\",\"target\":[\"https:\\\/\\\/keystone.live\\\/user-guide\\\/\"]}]},{\"@type\":\"BreadcrumbList\",\"@id\":\"https:\\\/\\\/keystone.live\\\/user-guide\\\/#breadcrumb\",\"itemListElement\":[{\"@type\":\"ListItem\",\"position\":1,\"name\":\"Kezd\u0151lap\",\"item\":\"https:\\\/\\\/keystone.live\\\/\"},{\"@type\":\"ListItem\",\"position\":2,\"name\":\"Szakmai seg\u00e9dlet \u00e9p\u00edteszeknek\"}]},{\"@type\":\"WebSite\",\"@id\":\"https:\\\/\\\/keystone.live\\\/#website\",\"url\":\"https:\\\/\\\/keystone.live\\\/\",\"name\":\"Keystone\",\"description\":\"BUILT ON PRECISION\",\"publisher\":{\"@id\":\"https:\\\/\\\/keystone.live\\\/#organization\"},\"potentialAction\":[{\"@type\":\"SearchAction\",\"target\":{\"@type\":\"EntryPoint\",\"urlTemplate\":\"https:\\\/\\\/keystone.live\\\/?s={search_term_string}\"},\"query-input\":{\"@type\":\"PropertyValueSpecification\",\"valueRequired\":true,\"valueName\":\"search_term_string\"}}],\"inLanguage\":\"en-GB\"},{\"@type\":\"Organization\",\"@id\":\"https:\\\/\\\/keystone.live\\\/#organization\",\"name\":\"Keystone\",\"url\":\"https:\\\/\\\/keystone.live\\\/\",\"logo\":{\"@type\":\"ImageObject\",\"inLanguage\":\"en-GB\",\"@id\":\"https:\\\/\\\/keystone.live\\\/#\\\/schema\\\/logo\\\/image\\\/\",\"url\":\"http:\\\/\\\/wp2.keystone.live\\\/wp-content\\\/uploads\\\/2024\\\/03\\\/cropped-keystone_favicon.png\",\"contentUrl\":\"http:\\\/\\\/wp2.keystone.live\\\/wp-content\\\/uploads\\\/2024\\\/03\\\/cropped-keystone_favicon.png\",\"width\":512,\"height\":512,\"caption\":\"Keystone\"},\"image\":{\"@id\":\"https:\\\/\\\/keystone.live\\\/#\\\/schema\\\/logo\\\/image\\\/\"}}]}<\/script>\n<!-- \/ Yoast SEO plugin. -->","yoast_head_json":{"title":"Szakmai seg\u00e9dlet \u00e9p\u00edteszeknek - Keystone","robots":{"index":"index","follow":"follow","max-snippet":"max-snippet:-1","max-image-preview":"max-image-preview:large","max-video-preview":"max-video-preview:-1"},"canonical":"https:\/\/keystone.live\/en\/user-guide\/","og_locale":"en_GB","og_type":"article","og_title":"Szakmai seg\u00e9dlet \u00e9p\u00edteszeknek - Keystone","og_description":"BIM haszn\u00e1lati \u00fatmutat\u00f3 A Keystone - v\u00e1zlattervi f\u00e1zis - haszn\u00e1lat\u00e1hoz k\u00e9sz\u00fclt \u00fatmutat\u00f3, amely l\u00e9p\u00e9sr\u0151l l\u00e9p\u00e9sre bemutatja a BIM sablon file-ban l\u00e9trehozott model be\u00e1ll\u00edt\u00e1sait \u00e9s ifc export-j\u00e1t. A haszn\u00e1lati \u00fatmutat\u00f3 Archicad tervez\u0151 programhoz k\u00e9sz\u00fclt.\u00a0 (.pdf, friss\u00edtve 2025\/05) Archicad mintatervek \u00e9s sablonok Archicad 25-\u00f6s verzi\u00f3 vagy ann\u00e1l \u00fajabb haszn\u00e1lata javasolt. [&hellip;]","og_url":"https:\/\/keystone.live\/en\/user-guide\/","og_site_name":"Keystone","article_modified_time":"2025-05-20T10:25:48+00:00","twitter_card":"summary_large_image","twitter_misc":{"Estimated reading time":"1 minute"},"schema":{"@context":"https:\/\/schema.org","@graph":[{"@type":"WebPage","@id":"https:\/\/keystone.live\/user-guide\/","url":"https:\/\/keystone.live\/user-guide\/","name":"Szakmai seg\u00e9dlet \u00e9p\u00edteszeknek - Keystone","isPartOf":{"@id":"https:\/\/keystone.live\/#website"},"datePublished":"2025-05-19T11:51:41+00:00","dateModified":"2025-05-20T10:25:48+00:00","breadcrumb":{"@id":"https:\/\/keystone.live\/user-guide\/#breadcrumb"},"inLanguage":"en-GB","potentialAction":[{"@type":"ReadAction","target":["https:\/\/keystone.live\/user-guide\/"]}]},{"@type":"BreadcrumbList","@id":"https:\/\/keystone.live\/user-guide\/#breadcrumb","itemListElement":[{"@type":"ListItem","position":1,"name":"Kezd\u0151lap","item":"https:\/\/keystone.live\/"},{"@type":"ListItem","position":2,"name":"Szakmai seg\u00e9dlet \u00e9p\u00edteszeknek"}]},{"@type":"WebSite","@id":"https:\/\/keystone.live\/#website","url":"https:\/\/keystone.live\/","name":"Keystone","description":"BUILT ON PRECISION","publisher":{"@id":"https:\/\/keystone.live\/#organization"},"potentialAction":[{"@type":"SearchAction","target":{"@type":"EntryPoint","urlTemplate":"https:\/\/keystone.live\/?s={search_term_string}"},"query-input":{"@type":"PropertyValueSpecification","valueRequired":true,"valueName":"search_term_string"}}],"inLanguage":"en-GB"},{"@type":"Organization","@id":"https:\/\/keystone.live\/#organization","name":"Keystone","url":"https:\/\/keystone.live\/","logo":{"@type":"ImageObject","inLanguage":"en-GB","@id":"https:\/\/keystone.live\/#\/schema\/logo\/image\/","url":"http:\/\/wp2.keystone.live\/wp-content\/uploads\/2024\/03\/cropped-keystone_favicon.png","contentUrl":"http:\/\/wp2.keystone.live\/wp-content\/uploads\/2024\/03\/cropped-keystone_favicon.png","width":512,"height":512,"caption":"Keystone"},"image":{"@id":"https:\/\/keystone.live\/#\/schema\/logo\/image\/"}}]}},"_links":{"self":[{"href":"https:\/\/keystone.live\/en\/wp-json\/wp\/v2\/pages\/2182","targetHints":{"allow":["GET"]}}],"collection":[{"href":"https:\/\/keystone.live\/en\/wp-json\/wp\/v2\/pages"}],"about":[{"href":"https:\/\/keystone.live\/en\/wp-json\/wp\/v2\/types\/page"}],"author":[{"embeddable":true,"href":"https:\/\/keystone.live\/en\/wp-json\/wp\/v2\/users\/8"}],"replies":[{"embeddable":true,"href":"https:\/\/keystone.live\/en\/wp-json\/wp\/v2\/comments?post=2182"}],"version-history":[{"count":33,"href":"https:\/\/keystone.live\/en\/wp-json\/wp\/v2\/pages\/2182\/revisions"}],"predecessor-version":[{"id":2226,"href":"https:\/\/keystone.live\/en\/wp-json\/wp\/v2\/pages\/2182\/revisions\/2226"}],"wp:attachment":[{"href":"https:\/\/keystone.live\/en\/wp-json\/wp\/v2\/media?parent=2182"}],"curies":[{"name":"wp","href":"https:\/\/api.w.org\/{rel}","templated":true}]}}